{"id":68,"date":"2026-03-21T12:39:16","date_gmt":"2026-03-21T11:39:16","guid":{"rendered":"https:\/\/pedicuremarianna.ch\/?page_id=68"},"modified":"2026-03-22T19:24:44","modified_gmt":"2026-03-22T18:24:44","slug":"angebot-und-preise-fusspflege-engadin","status":"publish","type":"page","link":"https:\/\/pedicuremarianna.ch\/?page_id=68","title":{"rendered":"Angebot und Preise"},"content":{"rendered":"\n<p>CHF 79 f\u00fcr Fusspflege einfach<br>CHF 89 f\u00fcr Fusspflege einfach inkl. Lack<br><br>CHF 89 f\u00fcr Fusspflege aufw\u00e4ndig<br>CHF 99 f\u00fcr Fusspflege aufw\u00e4ndig inkl. Lack<\/p>\n\n\n\n<blockquote class=\"wp-block-quote is-layout-flow wp-block-quote-is-layout-flow\">\n<p>F\u00fcsse tragen uns unser Leben lang mit. Gerade deshalb ist es wichtig, gut auf die F\u00fcsse zu achten und sie zu Pflegen.&nbsp;<br>Fast 30 Knochen, beinahe 30 Gelenke, 60 Muskeln, mehr als 100 B\u00e4nder und \u00fcber 200 Sehnen \u2013 das alles machen unsere F\u00fcsse zu wahren Meisterwerken. Deswegen sollten wir ihnen hin und wieder auch mal etwas Gutes tun.<\/p>\n<\/blockquote>\n\n\n<p class=\"has-text-align-center is-style-icon\" style=\"line-height:1;\"><svg xmlns=\"http:\/\/www.w3.org\/2000\/svg\" fill=\"none\" viewbox=\"0 0 24 24\" stroke-width=\"1.5\" stroke=\"currentColor\" aria-hidden=\"true\" data-slot=\"icon\" width=\"24px\" height=\"24px\"><path stroke-linecap=\"round\" stroke-linejoin=\"round\" d=\"M11.48 3.499a.562.562 0 0 1 1.04 0l2.125 5.111a.563.563 0 0 0 .475.345l5.518.442c.499.04.701.663.321.988l-4.204 3.602a.563.563 0 0 0-.182.557l1.285 5.385a.562.562 0 0 1-.84.61l-4.725-2.885a.562.562 0 0 0-.586 0L6.982 20.54a.562.562 0 0 1-.84-.61l1.285-5.386a.562.562 0 0 0-.182-.557l-4.204-3.602a.562.562 0 0 1 .321-.988l5.518-.442a.563.563 0 0 0 .475-.345L11.48 3.5Z\"><\/path><\/svg><\/p>\n","protected":false},"excerpt":{"rendered":"<p>CHF 79 f\u00fcr Fusspflege einfachCHF 89 f\u00fcr Fusspflege einfach inkl. Lack CHF 89 f\u00fcr Fusspflege aufw\u00e4ndigCHF 99 f\u00fcr Fusspflege aufw\u00e4ndig inkl. Lack F\u00fcsse tragen uns unser Leben lang mit. Gerade deshalb ist es wichtig, gut auf die F\u00fcsse zu achten und sie zu Pflegen.&nbsp;Fast 30 Knochen, beinahe 30 Gelenke, 60 Muskeln, mehr als 100 B\u00e4nder [&hellip;]<\/p>\n","protected":false},"author":1,"featured_media":55,"parent":0,"menu_order":0,"comment_status":"closed","ping_status":"closed","template":"","meta":{"_vp_format_video_url":"","_vp_image_focal_point":[],"footnotes":""},"class_list":["post-68","page","type-page","status-publish","has-post-thumbnail","hentry"],"yoast_head":"<!-- This site is optimized with the Yoast SEO plugin v27.4 - https:\/\/yoast.com\/product\/yoast-seo-wordpress\/ -->\n<title>Angebot und Preise - Marianne Egler<\/title>\n<meta name=\"description\" content=\"\u201ePedicure Marianna bietet professionelle Fusspflege, Wellness\u2011Pedicure und Nagelbehandlungen in Zernez. Sanft, hygienisch, erfahren.\u201c\" \/>\n<meta name=\"robots\" content=\"index, follow, max-snippet:-1, max-image-preview:large, max-video-preview:-1\" \/>\n<link rel=\"canonical\" href=\"https:\/\/pedicuremarianna.ch\/?page_id=68\" \/>\n<meta property=\"og:locale\" content=\"de_DE\" \/>\n<meta property=\"og:type\" content=\"article\" \/>\n<meta property=\"og:title\" content=\"Angebot und Preise - Marianne Egler\" \/>\n<meta property=\"og:description\" content=\"\u201ePedicure Marianna bietet professionelle Fusspflege, Wellness\u2011Pedicure und Nagelbehandlungen in Zernez. Sanft, hygienisch, erfahren.\u201c\" \/>\n<meta property=\"og:url\" content=\"https:\/\/pedicuremarianna.ch\/?page_id=68\" \/>\n<meta property=\"og:site_name\" content=\"Marianne Egler\" \/>\n<meta property=\"article:modified_time\" content=\"2026-03-22T18:24:44+00:00\" \/>\n<meta property=\"og:image\" content=\"https:\/\/pedicuremarianna.ch\/wp-content\/uploads\/2026\/03\/Screenshot-2026-03-20-233050.png\" \/>\n\t<meta property=\"og:image:width\" content=\"835\" \/>\n\t<meta property=\"og:image:height\" content=\"1032\" \/>\n\t<meta property=\"og:image:type\" content=\"image\/png\" \/>\n<meta name=\"twitter:card\" content=\"summary_large_image\" \/>\n<meta name=\"twitter:label1\" content=\"Gesch\u00e4tzte Lesezeit\" \/>\n\t<meta name=\"twitter:data1\" content=\"1\u00a0Minute\" \/>\n<script type=\"application\/ld+json\" class=\"yoast-schema-graph\">{\"@context\":\"https:\\\/\\\/schema.org\",\"@graph\":[{\"@type\":\"WebPage\",\"@id\":\"https:\\\/\\\/pedicuremarianna.ch\\\/?page_id=68\",\"url\":\"https:\\\/\\\/pedicuremarianna.ch\\\/?page_id=68\",\"name\":\"Angebot und Preise - Marianne Egler\",\"isPartOf\":{\"@id\":\"https:\\\/\\\/pedicuremarianna.ch\\\/#website\"},\"primaryImageOfPage\":{\"@id\":\"https:\\\/\\\/pedicuremarianna.ch\\\/?page_id=68#primaryimage\"},\"image\":{\"@id\":\"https:\\\/\\\/pedicuremarianna.ch\\\/?page_id=68#primaryimage\"},\"thumbnailUrl\":\"https:\\\/\\\/pedicuremarianna.ch\\\/wp-content\\\/uploads\\\/2026\\\/03\\\/Screenshot-2026-03-20-233050.png\",\"datePublished\":\"2026-03-21T11:39:16+00:00\",\"dateModified\":\"2026-03-22T18:24:44+00:00\",\"description\":\"\u201ePedicure Marianna bietet professionelle Fusspflege, Wellness\u2011Pedicure und Nagelbehandlungen in Zernez. Sanft, hygienisch, erfahren.\u201c\",\"breadcrumb\":{\"@id\":\"https:\\\/\\\/pedicuremarianna.ch\\\/?page_id=68#breadcrumb\"},\"inLanguage\":\"de-CH\",\"potentialAction\":[{\"@type\":\"ReadAction\",\"target\":[\"https:\\\/\\\/pedicuremarianna.ch\\\/?page_id=68\"]}]},{\"@type\":\"ImageObject\",\"inLanguage\":\"de-CH\",\"@id\":\"https:\\\/\\\/pedicuremarianna.ch\\\/?page_id=68#primaryimage\",\"url\":\"https:\\\/\\\/pedicuremarianna.ch\\\/wp-content\\\/uploads\\\/2026\\\/03\\\/Screenshot-2026-03-20-233050.png\",\"contentUrl\":\"https:\\\/\\\/pedicuremarianna.ch\\\/wp-content\\\/uploads\\\/2026\\\/03\\\/Screenshot-2026-03-20-233050.png\",\"width\":835,\"height\":1032,\"caption\":\"gitti Lack f\u00fcr professionelle Fussn\u00e4gel\"},{\"@type\":\"BreadcrumbList\",\"@id\":\"https:\\\/\\\/pedicuremarianna.ch\\\/?page_id=68#breadcrumb\",\"itemListElement\":[{\"@type\":\"ListItem\",\"position\":1,\"name\":\"Startseite\",\"item\":\"https:\\\/\\\/pedicuremarianna.ch\\\/\"},{\"@type\":\"ListItem\",\"position\":2,\"name\":\"Angebot und Preise\"}]},{\"@type\":\"WebSite\",\"@id\":\"https:\\\/\\\/pedicuremarianna.ch\\\/#website\",\"url\":\"https:\\\/\\\/pedicuremarianna.ch\\\/\",\"name\":\"Marianne Egler\",\"description\":\"Kosmetische Fusspflege in Zernez\",\"publisher\":{\"@id\":\"https:\\\/\\\/pedicuremarianna.ch\\\/#organization\"},\"potentialAction\":[{\"@type\":\"SearchAction\",\"target\":{\"@type\":\"EntryPoint\",\"urlTemplate\":\"https:\\\/\\\/pedicuremarianna.ch\\\/?s={search_term_string}\"},\"query-input\":{\"@type\":\"PropertyValueSpecification\",\"valueRequired\":true,\"valueName\":\"search_term_string\"}}],\"inLanguage\":\"de-CH\"},{\"@type\":\"Organization\",\"@id\":\"https:\\\/\\\/pedicuremarianna.ch\\\/#organization\",\"name\":\"Marianne Egler\",\"url\":\"https:\\\/\\\/pedicuremarianna.ch\\\/\",\"logo\":{\"@type\":\"ImageObject\",\"inLanguage\":\"de-CH\",\"@id\":\"https:\\\/\\\/pedicuremarianna.ch\\\/#\\\/schema\\\/logo\\\/image\\\/\",\"url\":\"https:\\\/\\\/pedicuremarianna.ch\\\/wp-content\\\/uploads\\\/2026\\\/03\\\/img_4kq_ghcjfihe.webp\",\"contentUrl\":\"https:\\\/\\\/pedicuremarianna.ch\\\/wp-content\\\/uploads\\\/2026\\\/03\\\/img_4kq_ghcjfihe.webp\",\"width\":943,\"height\":502,\"caption\":\"Marianne Egler\"},\"image\":{\"@id\":\"https:\\\/\\\/pedicuremarianna.ch\\\/#\\\/schema\\\/logo\\\/image\\\/\"}}]}<\/script>\n<!-- \/ Yoast SEO plugin. -->","yoast_head_json":{"title":"Angebot und Preise - Marianne Egler","description":"\u201ePedicure Marianna bietet professionelle Fusspflege, Wellness\u2011Pedicure und Nagelbehandlungen in Zernez. Sanft, hygienisch, erfahren.\u201c","robots":{"index":"index","follow":"follow","max-snippet":"max-snippet:-1","max-image-preview":"max-image-preview:large","max-video-preview":"max-video-preview:-1"},"canonical":"https:\/\/pedicuremarianna.ch\/?page_id=68","og_locale":"de_DE","og_type":"article","og_title":"Angebot und Preise - Marianne Egler","og_description":"\u201ePedicure Marianna bietet professionelle Fusspflege, Wellness\u2011Pedicure und Nagelbehandlungen in Zernez. Sanft, hygienisch, erfahren.\u201c","og_url":"https:\/\/pedicuremarianna.ch\/?page_id=68","og_site_name":"Marianne Egler","article_modified_time":"2026-03-22T18:24:44+00:00","og_image":[{"width":835,"height":1032,"url":"https:\/\/pedicuremarianna.ch\/wp-content\/uploads\/2026\/03\/Screenshot-2026-03-20-233050.png","type":"image\/png"}],"twitter_card":"summary_large_image","twitter_misc":{"Gesch\u00e4tzte Lesezeit":"1\u00a0Minute"},"schema":{"@context":"https:\/\/schema.org","@graph":[{"@type":"WebPage","@id":"https:\/\/pedicuremarianna.ch\/?page_id=68","url":"https:\/\/pedicuremarianna.ch\/?page_id=68","name":"Angebot und Preise - Marianne Egler","isPartOf":{"@id":"https:\/\/pedicuremarianna.ch\/#website"},"primaryImageOfPage":{"@id":"https:\/\/pedicuremarianna.ch\/?page_id=68#primaryimage"},"image":{"@id":"https:\/\/pedicuremarianna.ch\/?page_id=68#primaryimage"},"thumbnailUrl":"https:\/\/pedicuremarianna.ch\/wp-content\/uploads\/2026\/03\/Screenshot-2026-03-20-233050.png","datePublished":"2026-03-21T11:39:16+00:00","dateModified":"2026-03-22T18:24:44+00:00","description":"\u201ePedicure Marianna bietet professionelle Fusspflege, Wellness\u2011Pedicure und Nagelbehandlungen in Zernez. Sanft, hygienisch, erfahren.\u201c","breadcrumb":{"@id":"https:\/\/pedicuremarianna.ch\/?page_id=68#breadcrumb"},"inLanguage":"de-CH","potentialAction":[{"@type":"ReadAction","target":["https:\/\/pedicuremarianna.ch\/?page_id=68"]}]},{"@type":"ImageObject","inLanguage":"de-CH","@id":"https:\/\/pedicuremarianna.ch\/?page_id=68#primaryimage","url":"https:\/\/pedicuremarianna.ch\/wp-content\/uploads\/2026\/03\/Screenshot-2026-03-20-233050.png","contentUrl":"https:\/\/pedicuremarianna.ch\/wp-content\/uploads\/2026\/03\/Screenshot-2026-03-20-233050.png","width":835,"height":1032,"caption":"gitti Lack f\u00fcr professionelle Fussn\u00e4gel"},{"@type":"BreadcrumbList","@id":"https:\/\/pedicuremarianna.ch\/?page_id=68#breadcrumb","itemListElement":[{"@type":"ListItem","position":1,"name":"Startseite","item":"https:\/\/pedicuremarianna.ch\/"},{"@type":"ListItem","position":2,"name":"Angebot und Preise"}]},{"@type":"WebSite","@id":"https:\/\/pedicuremarianna.ch\/#website","url":"https:\/\/pedicuremarianna.ch\/","name":"Marianne Egler","description":"Kosmetische Fusspflege in Zernez","publisher":{"@id":"https:\/\/pedicuremarianna.ch\/#organization"},"potentialAction":[{"@type":"SearchAction","target":{"@type":"EntryPoint","urlTemplate":"https:\/\/pedicuremarianna.ch\/?s={search_term_string}"},"query-input":{"@type":"PropertyValueSpecification","valueRequired":true,"valueName":"search_term_string"}}],"inLanguage":"de-CH"},{"@type":"Organization","@id":"https:\/\/pedicuremarianna.ch\/#organization","name":"Marianne Egler","url":"https:\/\/pedicuremarianna.ch\/","logo":{"@type":"ImageObject","inLanguage":"de-CH","@id":"https:\/\/pedicuremarianna.ch\/#\/schema\/logo\/image\/","url":"https:\/\/pedicuremarianna.ch\/wp-content\/uploads\/2026\/03\/img_4kq_ghcjfihe.webp","contentUrl":"https:\/\/pedicuremarianna.ch\/wp-content\/uploads\/2026\/03\/img_4kq_ghcjfihe.webp","width":943,"height":502,"caption":"Marianne Egler"},"image":{"@id":"https:\/\/pedicuremarianna.ch\/#\/schema\/logo\/image\/"}}]}},"_links":{"self":[{"href":"https:\/\/pedicuremarianna.ch\/index.php?rest_route=\/wp\/v2\/pages\/68","targetHints":{"allow":["GET"]}}],"collection":[{"href":"https:\/\/pedicuremarianna.ch\/index.php?rest_route=\/wp\/v2\/pages"}],"about":[{"href":"https:\/\/pedicuremarianna.ch\/index.php?rest_route=\/wp\/v2\/types\/page"}],"author":[{"embeddable":true,"href":"https:\/\/pedicuremarianna.ch\/index.php?rest_route=\/wp\/v2\/users\/1"}],"replies":[{"embeddable":true,"href":"https:\/\/pedicuremarianna.ch\/index.php?rest_route=%2Fwp%2Fv2%2Fcomments&post=68"}],"version-history":[{"count":5,"href":"https:\/\/pedicuremarianna.ch\/index.php?rest_route=\/wp\/v2\/pages\/68\/revisions"}],"predecessor-version":[{"id":221,"href":"https:\/\/pedicuremarianna.ch\/index.php?rest_route=\/wp\/v2\/pages\/68\/revisions\/221"}],"wp:featuredmedia":[{"embeddable":true,"href":"https:\/\/pedicuremarianna.ch\/index.php?rest_route=\/wp\/v2\/media\/55"}],"wp:attachment":[{"href":"https:\/\/pedicuremarianna.ch\/index.php?rest_route=%2Fwp%2Fv2%2Fmedia&parent=68"}],"curies":[{"name":"wp","href":"https:\/\/api.w.org\/{rel}","templated":true}]}}